{"id":517,"date":"2025-02-06T12:54:55","date_gmt":"2025-02-06T12:54:55","guid":{"rendered":"https:\/\/jmsdecor.com\/?page_id=517"},"modified":"2025-02-06T12:54:57","modified_gmt":"2025-02-06T12:54:57","slug":"terms-and-conditions","status":"publish","type":"page","link":"https:\/\/jmsdecor.com\/es\/terms-and-conditions\/","title":{"rendered":"Condiciones generales"},"content":{"rendered":"<p>\u00a1Bienvenido a www.jmsdecor.com! Estos t\u00e9rminos y condiciones describen las normas y regulaciones para el uso del sitio web de jms decor, ubicado en www.jmsdecor.com. Al acceder a este sitio web, asumimos que acepta estos t\u00e9rminos y condiciones. No contin\u00fae utilizando www.jmsdecor.com si no est\u00e1 de acuerdo con todos los t\u00e9rminos y condiciones establecidos en esta p\u00e1gina.<\/p>\n\n\n\n<p><strong>1. Cookies<\/strong><\/p>\n\n\n\n<ul class=\"wp-block-list\">\n<li>Nuestro sitio web utiliza cookies para mejorar su experiencia. Al acceder a www.jmsdecor.com, acepta el uso de cookies de acuerdo con nuestra Pol\u00edtica de privacidad.<\/li>\n\n\n\n<li>Las cookies son archivos de texto que se colocan en su dispositivo para recopilar informaci\u00f3n de registro est\u00e1ndar de Internet e informaci\u00f3n sobre el comportamiento de los visitantes. Usted tiene la opci\u00f3n de aceptar o rechazar las cookies; sin embargo, el rechazo de las cookies puede impedirle aprovechar plenamente el sitio web.<\/li>\n<\/ul>\n\n\n\n<p><strong>2. Derechos de propiedad intelectual<\/strong><\/p>\n\n\n\n<ul class=\"wp-block-list\">\n<li>A menos que se indique lo contrario, jmsdecor y\/o sus licenciantes poseen los derechos de propiedad intelectual de todo el material contenido en www.jmsdecor.com. Todos los derechos de propiedad intelectual est\u00e1n reservados. Puede acceder desde www.jmsdecor.com para su uso personal sujeto a las restricciones establecidas en estos t\u00e9rminos y condiciones.<\/li>\n<\/ul>\n\n\n\n<p><strong>3. Comentarios de los usuarios<\/strong><\/p>\n\n\n\n<ul class=\"wp-block-list\">\n<li>Algunas partes de este sitio web pueden ofrecer a los usuarios la oportunidad de publicar e intercambiar opiniones e informaci\u00f3n. jmsdecor no filtra, edita, publica ni revisa los Comentarios antes de su aparici\u00f3n en el sitio web. Los comentarios no reflejan las opiniones de jmsdecor, sus agentes o afiliados.<\/li>\n\n\n\n<li>Al publicar Comentarios, usted garantiza y declara que tiene derecho a hacerlo y que cumple todas las leyes y normativas aplicables.<\/li>\n<\/ul>\n\n\n\n<p><strong>4. Hiperenlaces a nuestro contenido<\/strong><\/p>\n\n\n\n<ul class=\"wp-block-list\">\n<li>Las siguientes organizaciones pueden enlazar con nuestro sitio web sin autorizaci\u00f3n previa por escrito: organismos gubernamentales, motores de b\u00fasqueda, organizaciones de noticias y distribuidores de directorios en l\u00ednea.<\/li>\n\n\n\n<li>Podemos considerar y aprobar otras solicitudes de enlaces de organizaciones tales como fuentes de informaci\u00f3n empresarial com\u00fanmente conocidas y sitios comunitarios.<\/li>\n<\/ul>\n\n\n\n<p><strong>5. Informaci\u00f3n sobre productos y pedidos<\/strong><\/p>\n\n\n\n<ul class=\"wp-block-list\">\n<li>Nuestro objetivo es garantizar que todas las descripciones de los productos y los precios de nuestro sitio web sean correctos. Sin embargo, pueden producirse errores. Si descubrimos un error en el precio o la disponibilidad de cualquier producto que haya pedido, le informaremos lo antes posible.<\/li>\n\n\n\n<li>Se ofrecen servicios de personalizaci\u00f3n de colores, tama\u00f1os y formas. Todos los pedidos est\u00e1n sujetos a aceptaci\u00f3n y disponibilidad, con condiciones espec\u00edficas que se discutir\u00e1n con cada cliente.<\/li>\n<\/ul>\n\n\n\n<p><strong>6. Limitaci\u00f3n de responsabilidad<\/strong><\/p>\n\n\n\n<ul class=\"wp-block-list\">\n<li>En la medida m\u00e1xima permitida por la ley aplicable, jmsdecor excluye todas las representaciones, garant\u00edas y condiciones relacionadas con nuestro sitio web y el uso de este sitio web.<\/li>\n\n\n\n<li>No seremos responsables de las p\u00e9rdidas o da\u00f1os de cualquier naturaleza derivados o relacionados con el uso de nuestro sitio web.<\/li>\n<\/ul>\n\n\n\n<p><strong>7. Derecho aplicable<\/strong><\/p>\n\n\n\n<ul class=\"wp-block-list\">\n<li>Estos t\u00e9rminos y condiciones se rigen e interpretan de acuerdo con las leyes de CHINA, y usted se somete irrevocablemente a la jurisdicci\u00f3n exclusiva de los tribunales de ese lugar.<\/li>\n<\/ul>\n\n\n\n<p><strong>8. Modificaciones<\/strong><\/p>\n\n\n\n<ul class=\"wp-block-list\">\n<li>JMS decor se reserva el derecho de revisar estos t\u00e9rminos y condiciones en cualquier momento. Al utilizar este sitio web, usted se compromete a revisar estos t\u00e9rminos con regularidad para asegurarse de que entiende todos los t\u00e9rminos y condiciones que rigen el uso de este sitio web.<\/li>\n<\/ul>\n\n\n\n<p><strong>9. 9. Informaci\u00f3n de contacto<\/strong><\/p>\n\n\n\n<ul class=\"wp-block-list\">\n<li>Si tiene alguna pregunta sobre estas Condiciones Generales, p\u00f3ngase en contacto con nosotros en hello@jmsdecor.com.<\/li>\n<\/ul>","protected":false},"excerpt":{"rendered":"<p>Welcome to www.jmsdecor.com! These terms and conditions outline the rules and regulations for the use of jms decor&#8217;s website, located at www.jmsdecor.com. By accessing this website, we assume you accept these terms and conditions. Do not continue to use www.jmsdecor.com if you do not agree to all the terms and conditions stated on this page. [&hellip;]<\/p>\n","protected":false},"author":1,"featured_media":0,"parent":0,"menu_order":0,"comment_status":"closed","ping_status":"closed","template":"","meta":{"footnotes":""},"class_list":["post-517","page","type-page","status-publish","hentry"],"_links":{"self":[{"href":"https:\/\/jmsdecor.com\/es\/wp-json\/wp\/v2\/pages\/517","targetHints":{"allow":["GET"]}}],"collection":[{"href":"https:\/\/jmsdecor.com\/es\/wp-json\/wp\/v2\/pages"}],"about":[{"href":"https:\/\/jmsdecor.com\/es\/wp-json\/wp\/v2\/types\/page"}],"author":[{"embeddable":true,"href":"https:\/\/jmsdecor.com\/es\/wp-json\/wp\/v2\/users\/1"}],"replies":[{"embeddable":true,"href":"https:\/\/jmsdecor.com\/es\/wp-json\/wp\/v2\/comments?post=517"}],"version-history":[{"count":1,"href":"https:\/\/jmsdecor.com\/es\/wp-json\/wp\/v2\/pages\/517\/revisions"}],"predecessor-version":[{"id":520,"href":"https:\/\/jmsdecor.com\/es\/wp-json\/wp\/v2\/pages\/517\/revisions\/520"}],"wp:attachment":[{"href":"https:\/\/jmsdecor.com\/es\/wp-json\/wp\/v2\/media?parent=517"}],"curies":[{"name":"wp","href":"https:\/\/api.w.org\/{rel}","templated":true}]}}