{"id":517,"date":"2025-02-06T12:54:55","date_gmt":"2025-02-06T12:54:55","guid":{"rendered":"https:\/\/jmsdecor.com\/?page_id=517"},"modified":"2025-02-06T12:54:57","modified_gmt":"2025-02-06T12:54:57","slug":"terms-and-conditions","status":"publish","type":"page","link":"https:\/\/jmsdecor.com\/de\/terms-and-conditions\/","title":{"rendered":"Bedingungen und Konditionen"},"content":{"rendered":"<p>Willkommen bei www.jmsdecor.com! Die vorliegenden Bedingungen beschreiben die Regeln und Vorschriften f\u00fcr die Nutzung der Website von jms decor unter der Adresse www.jmsdecor.com. Wenn Sie auf diese Website zugreifen, gehen wir davon aus, dass Sie diese Bedingungen akzeptieren. Setzen Sie die Nutzung von www.jmsdecor.com nicht fort, wenn Sie nicht mit allen auf dieser Seite aufgef\u00fchrten Bedingungen und Konditionen einverstanden sind.<\/p>\n\n\n\n<p><strong>1. Cookies<\/strong><\/p>\n\n\n\n<ul class=\"wp-block-list\">\n<li>Unsere Website verwendet Cookies, um Ihr Erlebnis zu verbessern. Wenn Sie auf www.jmsdecor.com zugreifen, stimmen Sie der Verwendung von Cookies in \u00dcbereinstimmung mit unserer Datenschutzrichtlinie zu.<\/li>\n\n\n\n<li>Cookies sind Textdateien, die auf Ihrem Ger\u00e4t abgelegt werden, um Standard-Internetprotokolldaten und Informationen \u00fcber das Besucherverhalten zu sammeln. Sie haben die M\u00f6glichkeit, Cookies zu akzeptieren oder abzulehnen; die Ablehnung von Cookies kann jedoch dazu f\u00fchren, dass Sie die Vorteile der Website nicht in vollem Umfang nutzen k\u00f6nnen.<\/li>\n<\/ul>\n\n\n\n<p><strong>2. Rechte an geistigem Eigentum<\/strong><\/p>\n\n\n\n<ul class=\"wp-block-list\">\n<li>Sofern nicht anders angegeben, sind jmsdecor und\/oder seine Lizenzgeber Eigent\u00fcmer der geistigen Eigentumsrechte f\u00fcr das gesamte Material auf www.jmsdecor.com. Alle geistigen Eigentumsrechte sind vorbehalten. Sie k\u00f6nnen f\u00fcr Ihren pers\u00f6nlichen Gebrauch auf www.jmsdecor.com zugreifen, vorbehaltlich der in diesen Bedingungen und Konditionen festgelegten Einschr\u00e4nkungen.<\/li>\n<\/ul>\n\n\n\n<p><strong>3. Benutzer-Kommentare<\/strong><\/p>\n\n\n\n<ul class=\"wp-block-list\">\n<li>Teile dieser Website k\u00f6nnen Nutzern die M\u00f6glichkeit bieten, Meinungen und Informationen zu posten und auszutauschen. jmsdecor filtert, bearbeitet, ver\u00f6ffentlicht oder \u00fcberpr\u00fcft Kommentare nicht, bevor sie auf der Website erscheinen. Die Kommentare spiegeln nicht die Ansichten von jmsdecor, seinen Vertretern oder verbundenen Unternehmen wider.<\/li>\n\n\n\n<li>Durch das Einstellen von Kommentaren sichern Sie zu, dass Sie das Recht dazu haben und alle geltenden Gesetze und Vorschriften einhalten.<\/li>\n<\/ul>\n\n\n\n<p><strong>4. Hyperlinking zu unserem Inhalt<\/strong><\/p>\n\n\n\n<ul class=\"wp-block-list\">\n<li>Die folgenden Organisationen d\u00fcrfen ohne vorherige schriftliche Genehmigung einen Link zu unserer Website herstellen: Regierungsbeh\u00f6rden, Suchmaschinen, Nachrichtenorganisationen und Online-Verzeichnisverteiler.<\/li>\n\n\n\n<li>Wir k\u00f6nnen andere Linkanfragen von Organisationen wie allgemein bekannten Gesch\u00e4ftsinformationsquellen und Gemeinschaftsseiten ber\u00fccksichtigen und genehmigen.<\/li>\n<\/ul>\n\n\n\n<p><strong>5. Produktinformation und Bestellungen<\/strong><\/p>\n\n\n\n<ul class=\"wp-block-list\">\n<li>Wir bem\u00fchen uns, dass alle Produktbeschreibungen und Preise auf unserer Website korrekt sind. Dennoch k\u00f6nnen Fehler auftreten. Wenn wir einen Fehler in Bezug auf den Preis oder die Verf\u00fcgbarkeit eines von Ihnen bestellten Produkts feststellen, werden wir Sie so schnell wie m\u00f6glich informieren.<\/li>\n\n\n\n<li>Individuelle Anpassungen von Farben, Gr\u00f6\u00dfen und Formen sind m\u00f6glich. Alle Bestellungen unterliegen der Annahme und Verf\u00fcgbarkeit, wobei die spezifischen Bedingungen mit jedem Kunden besprochen werden m\u00fcssen.<\/li>\n<\/ul>\n\n\n\n<p><strong>6. Begrenzung der Haftung<\/strong><\/p>\n\n\n\n<ul class=\"wp-block-list\">\n<li>Soweit dies nach geltendem Recht zul\u00e4ssig ist, schlie\u00dft jmsdecor alle Zusicherungen, Garantien und Bedingungen in Bezug auf unsere Website und die Nutzung dieser Website aus.<\/li>\n\n\n\n<li>Wir haften nicht f\u00fcr Verluste oder Sch\u00e4den jeglicher Art, die sich aus oder im Zusammenhang mit der Nutzung unserer Website ergeben.<\/li>\n<\/ul>\n\n\n\n<p><strong>7. Geltendes Recht<\/strong><\/p>\n\n\n\n<ul class=\"wp-block-list\">\n<li>Diese Bedingungen unterliegen den Gesetzen von CHINA und werden in \u00dcbereinstimmung mit diesen ausgelegt, und Sie unterwerfen sich unwiderruflich der ausschlie\u00dflichen Zust\u00e4ndigkeit der Gerichte an diesem Ort.<\/li>\n<\/ul>\n\n\n\n<p><strong>8. \u00c4nderungen<\/strong><\/p>\n\n\n\n<ul class=\"wp-block-list\">\n<li>JMS decor beh\u00e4lt sich das Recht vor, diese Bestimmungen und Bedingungen jederzeit zu \u00e4ndern. Durch die Nutzung dieser Website erkl\u00e4ren Sie sich damit einverstanden, diese Bedingungen regelm\u00e4\u00dfig zu \u00fcberpr\u00fcfen, um sicherzustellen, dass Sie alle Bedingungen f\u00fcr die Nutzung dieser Website verstehen.<\/li>\n<\/ul>\n\n\n\n<p><strong>9. Kontaktinformationen<\/strong><\/p>\n\n\n\n<ul class=\"wp-block-list\">\n<li>Bei Fragen zu diesen Bedingungen und Konditionen wenden Sie sich bitte an hello@jmsdecor.com.<\/li>\n<\/ul>","protected":false},"excerpt":{"rendered":"<p>Welcome to www.jmsdecor.com! These terms and conditions outline the rules and regulations for the use of jms decor&#8217;s website, located at www.jmsdecor.com. By accessing this website, we assume you accept these terms and conditions. Do not continue to use www.jmsdecor.com if you do not agree to all the terms and conditions stated on this page. [&hellip;]<\/p>\n","protected":false},"author":1,"featured_media":0,"parent":0,"menu_order":0,"comment_status":"closed","ping_status":"closed","template":"","meta":{"footnotes":""},"class_list":["post-517","page","type-page","status-publish","hentry"],"_links":{"self":[{"href":"https:\/\/jmsdecor.com\/de\/wp-json\/wp\/v2\/pages\/517","targetHints":{"allow":["GET"]}}],"collection":[{"href":"https:\/\/jmsdecor.com\/de\/wp-json\/wp\/v2\/pages"}],"about":[{"href":"https:\/\/jmsdecor.com\/de\/wp-json\/wp\/v2\/types\/page"}],"author":[{"embeddable":true,"href":"https:\/\/jmsdecor.com\/de\/wp-json\/wp\/v2\/users\/1"}],"replies":[{"embeddable":true,"href":"https:\/\/jmsdecor.com\/de\/wp-json\/wp\/v2\/comments?post=517"}],"version-history":[{"count":1,"href":"https:\/\/jmsdecor.com\/de\/wp-json\/wp\/v2\/pages\/517\/revisions"}],"predecessor-version":[{"id":520,"href":"https:\/\/jmsdecor.com\/de\/wp-json\/wp\/v2\/pages\/517\/revisions\/520"}],"wp:attachment":[{"href":"https:\/\/jmsdecor.com\/de\/wp-json\/wp\/v2\/media?parent=517"}],"curies":[{"name":"wp","href":"https:\/\/api.w.org\/{rel}","templated":true}]}}